{"id":77,"date":"2018-06-19T10:44:17","date_gmt":"2018-06-19T10:44:17","guid":{"rendered":"http:\/\/atelier-jomaa.de\/?page_id=77"},"modified":"2020-07-08T15:24:25","modified_gmt":"2020-07-08T15:24:25","slug":"about-us","status":"publish","type":"page","link":"https:\/\/atelier-jomaa.de\/?page_id=77","title":{"rendered":"About Us"},"content":{"rendered":"\t\t<div data-elementor-type=\"wp-page\" data-elementor-id=\"77\" class=\"elementor elementor-77\" data-elementor-post-type=\"page\">\n\t\t\t\t\t\t<section class=\"elementor-section elementor-top-section elementor-element elementor-element-7c89838d elementor-section-stretched elementor-section-height-min-height elementor-section-boxed elementor-section-height-default elementor-section-items-middle\" data-id=\"7c89838d\" data-element_type=\"section\" data-settings=\"{&quot;stretch_section&quot;:&quot;section-stretched&quot;,&quot;background_background&quot;:&quot;classic&quot;}\">\n\t\t\t\t\t\t<div class=\"elementor-container elementor-column-gap-default\">\n\t\t\t\t\t<div class=\"aux-parallax-section elementor-column elementor-col-50 elementor-top-column elementor-element elementor-element-51ad86fa aux-appear-watch-animation aux-fade-in-right\" data-id=\"51ad86fa\" data-element_type=\"column\">\n\t\t\t<div class=\"elementor-widget-wrap elementor-element-populated\">\n\t\t\t\t\t\t<div class=\"elementor-element elementor-element-65ae90d0 aux-appear-watch-animation aux-flip-in-right-3 elementor-widget elementor-widget-aux_modern_heading\" data-id=\"65ae90d0\" data-element_type=\"widget\" data-widget_type=\"aux_modern_heading.default\">\n\t\t\t\t<div class=\"elementor-widget-container\">\n\t\t\t\t\t<section class=\"aux-widget-modern-heading\">\n            <div class=\"aux-widget-inner\"><h1 class=\"aux-modern-heading-primary\">\u00fcber uns<\/h1><\/div>\n        <\/section>\t\t\t\t<\/div>\n\t\t\t\t<\/div>\n\t\t\t\t<div class=\"elementor-element elementor-element-d9abf02 elementor-widget elementor-widget-aux_icon_list\" data-id=\"d9abf02\" data-element_type=\"widget\" data-widget_type=\"aux_icon_list.default\">\n\t\t\t\t<div class=\"elementor-widget-container\">\n\t\t\t\t\t<section class=\"widget-container aux-widget-icon-list aux-parent-au04a23296\"><div class=\"widget-inner\"><div class=\"aux-widget-icon-list-inner\"><ul class=\"aux-icon-list-items aux-direction-horizontal\"><li class=\"aux-icon-list-item aux-list-item-has-connector aux-list-item-has-icon aux-icon-list-item-904f4f0 elementor-repeater-item-904f4f0\"><a class=\"aux-icon-list-link\" href=\"#\"><span class=\"aux-list-connector\"><\/span><\/a><\/li><li class=\"aux-icon-list-item aux-list-item-has-connector aux-list-item-has-icon aux-icon-list-item-3c7ae45 elementor-repeater-item-3c7ae45\"><a class=\"aux-icon-list-link\" href=\"#\"><span class=\"aux-icon-list-icon auxicon-chevron-right-1\"><\/span><span class=\"aux-list-connector\"><\/span><\/a><\/li><\/ul><\/div><\/div><\/section><!-- widget-container -->\t\t\t\t<\/div>\n\t\t\t\t<\/div>\n\t\t\t\t\t<\/div>\n\t\t<\/div>\n\t\t\t\t<div class=\"aux-parallax-section elementor-column elementor-col-50 elementor-top-column elementor-element elementor-element-139f3d95\" data-id=\"139f3d95\" data-element_type=\"column\">\n\t\t\t<div class=\"elementor-widget-wrap\">\n\t\t\t\t\t\t\t<\/div>\n\t\t<\/div>\n\t\t\t\t\t<\/div>\n\t\t<\/section>\n\t\t\t\t<section class=\"elementor-section elementor-top-section elementor-element elementor-element-ca2a472 elementor-section-content-middle elementor-section-boxed elementor-section-height-default elementor-section-height-default\" data-id=\"ca2a472\" data-element_type=\"section\">\n\t\t\t\t\t\t<div class=\"elementor-container elementor-column-gap-default\">\n\t\t\t\t\t<div class=\"aux-parallax-section elementor-column elementor-col-33 elementor-top-column elementor-element elementor-element-2ce959dd\" data-id=\"2ce959dd\" data-element_type=\"column\">\n\t\t\t<div class=\"elementor-widget-wrap elementor-element-populated\">\n\t\t\t\t\t\t<div class=\"elementor-element elementor-element-49d9de1 aux-appear-watch-animation aux-fade-in-up elementor-widget elementor-widget-aux_modern_heading\" data-id=\"49d9de1\" data-element_type=\"widget\" data-widget_type=\"aux_modern_heading.default\">\n\t\t\t\t<div class=\"elementor-widget-container\">\n\t\t\t\t\t<section class=\"aux-widget-modern-heading\">\n            <div class=\"aux-widget-inner\"><h2 class=\"aux-modern-heading-primary\"><\/h2><h3 class=\"aux-modern-heading-secondary\"><span class=\"aux-head-before\">\u00dcber 30 Jahre Erfahrung pr\u00e4gen meine Arbeit<\/span><\/h3><div class=\"aux-modern-heading-divider\"><\/div><div class=\"aux-modern-heading-description\"><p>Mode entwickelt sich mit der Zeit. Ich bin immer auf der Suche nach neuen Inspirationen. Wie hei\u00dft es so sch\u00f6n: Kleider machen Leute. Die gr\u00f6\u00dfte Freude an meiner Arbeit versp\u00fcre ich, wenn ich sehe, wie Sie sich durch ein individuelles Kleidungsst\u00fcck oder gar eine \u00c4nderung wieder wohl f\u00fchlen<\/p><\/div><\/div>\n        <\/section>\t\t\t\t<\/div>\n\t\t\t\t<\/div>\n\t\t\t\t\t<\/div>\n\t\t<\/div>\n\t\t\t\t<div class=\"aux-parallax-section elementor-column elementor-col-33 elementor-top-column elementor-element elementor-element-5e4132fa\" data-id=\"5e4132fa\" data-element_type=\"column\">\n\t\t\t<div class=\"elementor-widget-wrap\">\n\t\t\t\t\t\t\t<\/div>\n\t\t<\/div>\n\t\t\t\t<div class=\"aux-parallax-section elementor-column elementor-col-33 elementor-top-column elementor-element elementor-element-1d8d0f19 aux-appear-watch-animation aux-scale-down\" data-id=\"1d8d0f19\" data-element_type=\"column\">\n\t\t\t<div class=\"elementor-widget-wrap elementor-element-populated\">\n\t\t\t\t\t\t<div class=\"elementor-element elementor-element-2d5cedba elementor-widget elementor-widget-aux_image\" data-id=\"2d5cedba\" data-element_type=\"widget\" data-widget_type=\"aux_image.default\">\n\t\t\t\t<div class=\"elementor-widget-container\">\n\t\t\t\t\t<section class=\"widget-container aux-widget-image aux-alignnone aux-parent-auf11bcc9d\">\n    <div class=\"aux-media-hint-frame \">\n        <div class=\"aux-media-image \" >\n        \n            \n\n            \n            <img fetchpriority=\"high\" decoding=\"async\" width=\"784\" height=\"700\" src=\"data:image\/gif;base64,R0lGODlhAQABAIAAAAAAAP\/\/\/yH5BAEAAAAALAAAAAABAAEAAAIBRAA7\" class=\"aux-attachment aux-featured-image aux-attachment-id-28 aux-preload aux-blank\" alt=\"demo-attachment-25-two-young-architects-in-office-PCDA566-min\" data-ratio=\"1.12\" data-original-w=\"4300\" sizes=\"auto\" data-srcset=\"https:\/\/atelier-jomaa.de\/wp-content\/uploads\/2018\/06\/two-young-architects-in-office-PCDA566-min-150x134.jpg 150w,https:\/\/atelier-jomaa.de\/wp-content\/uploads\/2018\/06\/two-young-architects-in-office-PCDA566-min-300x268.jpg 300w,https:\/\/atelier-jomaa.de\/wp-content\/uploads\/2018\/06\/two-young-architects-in-office-PCDA566-min-768x686.jpg 768w,https:\/\/atelier-jomaa.de\/wp-content\/uploads\/2018\/06\/two-young-architects-in-office-PCDA566-min-1024x914.jpg 1024w,https:\/\/atelier-jomaa.de\/wp-content\/uploads\/2018\/06\/two-young-architects-in-office-PCDA566-min.jpg 784w\" data-src=\"https:\/\/atelier-jomaa.de\/wp-content\/uploads\/2018\/06\/two-young-architects-in-office-PCDA566-min.jpg\" \/>            \n                <\/div>\n    <\/div>\n\n<\/section><!-- widget-container -->\t\t\t\t<\/div>\n\t\t\t\t<\/div>\n\t\t\t\t\t<\/div>\n\t\t<\/div>\n\t\t\t\t\t<\/div>\n\t\t<\/section>\n\t\t\t\t<section class=\"elementor-section elementor-top-section elementor-element elementor-element-561c777c elementor-section-boxed elementor-section-height-default elementor-section-height-default\" data-id=\"561c777c\" data-element_type=\"section\" data-settings=\"{&quot;background_background&quot;:&quot;classic&quot;}\">\n\t\t\t\t\t\t\t<div class=\"elementor-background-overlay\"><\/div>\n\t\t\t\t\t\t\t<div class=\"elementor-container elementor-column-gap-default\">\n\t\t\t\t\t<div class=\"aux-parallax-section elementor-column elementor-col-100 elementor-top-column elementor-element elementor-element-74dd3d00\" data-id=\"74dd3d00\" data-element_type=\"column\">\n\t\t\t<div class=\"elementor-widget-wrap elementor-element-populated\">\n\t\t\t\t\t\t<div class=\"elementor-element elementor-element-b236b17 aux-appear-watch-animation aux-scale-down elementor-widget elementor-widget-aux_modern_heading\" data-id=\"b236b17\" data-element_type=\"widget\" data-widget_type=\"aux_modern_heading.default\">\n\t\t\t\t<div class=\"elementor-widget-container\">\n\t\t\t\t\t<section class=\"aux-widget-modern-heading\">\n            <div class=\"aux-widget-inner\"><h2 class=\"aux-modern-heading-primary\">\u201c<\/h2><div class=\"aux-modern-heading-description\"><p>Sch\u00f6nheit beginnt in dem Moment, in dem du beschlie\u00dft, du selbst zu sein.<\/p><\/div><\/div>\n        <\/section>\t\t\t\t<\/div>\n\t\t\t\t<\/div>\n\t\t\t\t<div class=\"elementor-element elementor-element-65c36c11 aux-appear-watch-animation aux-fade-in-up elementor-widget elementor-widget-aux_modern_heading\" data-id=\"65c36c11\" data-element_type=\"widget\" data-widget_type=\"aux_modern_heading.default\">\n\t\t\t\t<div class=\"elementor-widget-container\">\n\t\t\t\t\t<section class=\"aux-widget-modern-heading\">\n            <div class=\"aux-widget-inner\"><h2 class=\"aux-modern-heading-primary\">Coco Chanel\n<\/h2><\/div>\n        <\/section>\t\t\t\t<\/div>\n\t\t\t\t<\/div>\n\t\t\t\t\t<\/div>\n\t\t<\/div>\n\t\t\t\t\t<\/div>\n\t\t<\/section>\n\t\t\t\t<section class=\"elementor-section elementor-top-section elementor-element elementor-element-1b9453a elementor-section-content-middle elementor-section-boxed elementor-section-height-default elementor-section-height-default\" data-id=\"1b9453a\" data-element_type=\"section\" data-settings=\"{&quot;background_background&quot;:&quot;classic&quot;}\">\n\t\t\t\t\t\t<div class=\"elementor-container elementor-column-gap-default\">\n\t\t\t\t\t<div class=\"aux-parallax-section elementor-column elementor-col-50 elementor-top-column elementor-element elementor-element-46800144 aux-appear-watch-animation aux-fade-in-left\" data-id=\"46800144\" data-element_type=\"column\">\n\t\t\t<div class=\"elementor-widget-wrap elementor-element-populated\">\n\t\t\t\t\t\t<div class=\"elementor-element elementor-element-6b0f0e96 elementor-widget elementor-widget-aux_image\" data-id=\"6b0f0e96\" data-element_type=\"widget\" data-widget_type=\"aux_image.default\">\n\t\t\t\t<div class=\"elementor-widget-container\">\n\t\t\t\t\t<section class=\"widget-container aux-widget-image aux-alignnone aux-parent-au7464bdeb\">\n    <div class=\"aux-media-hint-frame \">\n        <div class=\"aux-media-image \" >\n        \n            \n\n            \n            <img decoding=\"async\" width=\"1037\" height=\"950\" src=\"data:image\/gif;base64,R0lGODlhAQABAIAAAAAAAP\/\/\/yH5BAEAAAAALAAAAAABAAEAAAIBRAA7\" class=\"aux-attachment aux-featured-image aux-attachment-id-26 aux-preload aux-blank\" alt=\"demo-attachment-27-interior-PTCVAAC-min\" data-ratio=\"1.09\" data-original-w=\"3351\" sizes=\"auto\" data-srcset=\"https:\/\/atelier-jomaa.de\/wp-content\/uploads\/2018\/06\/interior-PTCVAAC-min-150x137.jpg 150w,https:\/\/atelier-jomaa.de\/wp-content\/uploads\/2018\/06\/interior-PTCVAAC-min-300x275.jpg 300w,https:\/\/atelier-jomaa.de\/wp-content\/uploads\/2018\/06\/interior-PTCVAAC-min-768x704.jpg 768w,https:\/\/atelier-jomaa.de\/wp-content\/uploads\/2018\/06\/interior-PTCVAAC-min-1024x938.jpg 1024w,https:\/\/atelier-jomaa.de\/wp-content\/uploads\/2018\/06\/interior-PTCVAAC-min.jpg 1037w\" data-src=\"https:\/\/atelier-jomaa.de\/wp-content\/uploads\/2018\/06\/interior-PTCVAAC-min.jpg\" \/>            \n                <\/div>\n    <\/div>\n\n<\/section><!-- widget-container -->\t\t\t\t<\/div>\n\t\t\t\t<\/div>\n\t\t\t\t\t<\/div>\n\t\t<\/div>\n\t\t\t\t<div class=\"aux-parallax-section elementor-column elementor-col-50 elementor-top-column elementor-element elementor-element-30d8bdbd\" data-id=\"30d8bdbd\" data-element_type=\"column\">\n\t\t\t<div class=\"elementor-widget-wrap elementor-element-populated\">\n\t\t\t\t\t\t<div class=\"elementor-element elementor-element-46fc4ae1 aux-arch-about-project-text aux-appear-watch-animation aux-fade-in elementor-widget elementor-widget-aux_modern_heading\" data-id=\"46fc4ae1\" data-element_type=\"widget\" data-widget_type=\"aux_modern_heading.default\">\n\t\t\t\t<div class=\"elementor-widget-container\">\n\t\t\t\t\t<section class=\"aux-widget-modern-heading\">\n            <div class=\"aux-widget-inner\"><h2 class=\"aux-modern-heading-primary\"><\/h2><h2 class=\"aux-modern-heading-secondary\"><span class=\"aux-head-before\">Ablauf einer Ma\u00dfanfertigung<\/span><\/h2><div class=\"aux-modern-heading-divider\"><\/div><div class=\"aux-modern-heading-description\"><p>1. pers\u00f6nliche Beratung<\/p><p>2. Stoffauswahl<\/p><p>3. Ma\u00dfe erfassen<\/p><p>4. Schnittmuster erstellen<\/p><p>5. Fertigung<\/p><p>6. Anprobe &amp; Korrekturen<\/p><\/div><\/div>\n        <\/section>\t\t\t\t<\/div>\n\t\t\t\t<\/div>\n\t\t\t\t\t<\/div>\n\t\t<\/div>\n\t\t\t\t\t<\/div>\n\t\t<\/section>\n\t\t\t\t<section class=\"elementor-section elementor-top-section elementor-element elementor-element-73e2d548 elementor-section-stretched elementor-section-boxed elementor-section-height-default elementor-section-height-default\" data-id=\"73e2d548\" data-element_type=\"section\" data-settings=\"{&quot;background_background&quot;:&quot;classic&quot;,&quot;stretch_section&quot;:&quot;section-stretched&quot;}\">\n\t\t\t\t\t\t\t<div class=\"elementor-background-overlay\"><\/div>\n\t\t\t\t\t\t\t<div class=\"elementor-container elementor-column-gap-default\">\n\t\t\t\t\t<div class=\"aux-parallax-section elementor-column elementor-col-100 elementor-top-column elementor-element elementor-element-63189864\" data-id=\"63189864\" data-element_type=\"column\">\n\t\t\t<div class=\"elementor-widget-wrap elementor-element-populated\">\n\t\t\t\t\t\t<div class=\"elementor-element elementor-element-49eefbef aux-appear-watch-animation aux-scale-down elementor-widget elementor-widget-aux_modern_heading\" data-id=\"49eefbef\" data-element_type=\"widget\" data-widget_type=\"aux_modern_heading.default\">\n\t\t\t\t<div class=\"elementor-widget-container\">\n\t\t\t\t\t<section class=\"aux-widget-modern-heading\">\n            <div class=\"aux-widget-inner\"><h2 class=\"aux-modern-heading-primary\">Ich freue mich auf Ihren Besuch!<\/h2><\/div>\n        <\/section>\t\t\t\t<\/div>\n\t\t\t\t<\/div>\n\t\t\t\t\t<\/div>\n\t\t<\/div>\n\t\t\t\t\t<\/div>\n\t\t<\/section>\n\t\t\t\t<section class=\"elementor-section elementor-top-section elementor-element elementor-element-49ea21da elementor-section-boxed elementor-section-height-default elementor-section-height-default\" data-id=\"49ea21da\" data-element_type=\"section\">\n\t\t\t\t\t\t<div class=\"elementor-container elementor-column-gap-default\">\n\t\t\t\t\t<div class=\"aux-parallax-section elementor-column elementor-col-100 elementor-top-column elementor-element elementor-element-234b3efd\" data-id=\"234b3efd\" data-element_type=\"column\">\n\t\t\t<div class=\"elementor-widget-wrap\">\n\t\t\t\t\t\t\t<\/div>\n\t\t<\/div>\n\t\t\t\t\t<\/div>\n\t\t<\/section>\n\t\t\t\t<\/div>\n\t\t","protected":false},"excerpt":{"rendered":"<p>\u00fcber uns \u00dcber 30 Jahre Erfahrung pr\u00e4gen meine Arbeit Mode entwickelt sich mit der Zeit. Ich bin immer auf der Suche nach neuen Inspirationen. Wie hei\u00dft es so sch\u00f6n: Kleider machen Leute. Die gr\u00f6\u00dfte Freude an meiner Arbeit versp\u00fcre ich, wenn ich sehe, wie Sie sich durch ein individuelles Kleidungsst\u00fcck oder gar eine \u00c4nderung wieder [&hellip;]<\/p>\n","protected":false},"author":1,"featured_media":0,"parent":0,"menu_order":0,"comment_status":"closed","ping_status":"closed","template":"","meta":{"footnotes":""},"jetpack_sharing_enabled":true,"_links":{"self":[{"href":"https:\/\/atelier-jomaa.de\/index.php?rest_route=\/wp\/v2\/pages\/77"}],"collection":[{"href":"https:\/\/atelier-jomaa.de\/index.php?rest_route=\/wp\/v2\/pages"}],"about":[{"href":"https:\/\/atelier-jomaa.de\/index.php?rest_route=\/wp\/v2\/types\/page"}],"author":[{"embeddable":true,"href":"https:\/\/atelier-jomaa.de\/index.php?rest_route=\/wp\/v2\/users\/1"}],"replies":[{"embeddable":true,"href":"https:\/\/atelier-jomaa.de\/index.php?rest_route=%2Fwp%2Fv2%2Fcomments&post=77"}],"version-history":[{"count":45,"href":"https:\/\/atelier-jomaa.de\/index.php?rest_route=\/wp\/v2\/pages\/77\/revisions"}],"predecessor-version":[{"id":748,"href":"https:\/\/atelier-jomaa.de\/index.php?rest_route=\/wp\/v2\/pages\/77\/revisions\/748"}],"wp:attachment":[{"href":"https:\/\/atelier-jomaa.de\/index.php?rest_route=%2Fwp%2Fv2%2Fmedia&parent=77"}],"curies":[{"name":"wp","href":"https:\/\/api.w.org\/{rel}","templated":true}]}}